{"id":68,"date":"2024-02-15T18:09:45","date_gmt":"2024-02-15T18:09:45","guid":{"rendered":"https:\/\/finapsysmx.com\/?page_id=68"},"modified":"2024-04-11T17:46:42","modified_gmt":"2024-04-11T17:46:42","slug":"movil","status":"publish","type":"page","link":"https:\/\/finapsysmx.com\/index.php\/movil\/","title":{"rendered":"M\u00f3vil"},"content":{"rendered":"\n<h2 class=\"wp-block-heading\">Aplicaciones M\u00f3viles <\/h2>\n\n\n\n<p>\u00a1Asegura tu inversi\u00f3n tecnol\u00f3gica! Como parte del proyecto, te entregamos el c\u00f3digo fuente y los diagramas de trabajo relacionados. Esto garantizar\u00e1 que en un futuro el mantenimiento sea una tarea sencilla y econ\u00f3mica. M\u00f3vil<\/p>\n\n\n\n<div class=\"wp-block-columns is-layout-flex wp-container-core-columns-is-layout-9d6595d7 wp-block-columns-is-layout-flex\">\n<div class=\"wp-block-column is-layout-flow wp-block-column-is-layout-flow\"><div class=\"wp-block-image is-style-rounded\">\n<figure class=\"aligncenter size-full is-resized\"><img fetchpriority=\"high\" decoding=\"async\" width=\"2560\" height=\"2560\" src=\"https:\/\/finapsysmx.com\/wp-content\/uploads\/2024\/04\/movil_Mesa-de-trabajo-1-scaled.jpg\" alt=\"\" class=\"wp-image-260\" style=\"width:234px\" srcset=\"https:\/\/finapsysmx.com\/wp-content\/uploads\/2024\/04\/movil_Mesa-de-trabajo-1-scaled.jpg 2560w, https:\/\/finapsysmx.com\/wp-content\/uploads\/2024\/04\/movil_Mesa-de-trabajo-1-300x300.jpg 300w, https:\/\/finapsysmx.com\/wp-content\/uploads\/2024\/04\/movil_Mesa-de-trabajo-1-scaled-100x100.jpg 100w, https:\/\/finapsysmx.com\/wp-content\/uploads\/2024\/04\/movil_Mesa-de-trabajo-1-scaled-500x500.jpg 500w, https:\/\/finapsysmx.com\/wp-content\/uploads\/2024\/04\/movil_Mesa-de-trabajo-1-1024x1024.jpg 1024w, https:\/\/finapsysmx.com\/wp-content\/uploads\/2024\/04\/movil_Mesa-de-trabajo-1-150x150.jpg 150w, https:\/\/finapsysmx.com\/wp-content\/uploads\/2024\/04\/movil_Mesa-de-trabajo-1-768x768.jpg 768w, https:\/\/finapsysmx.com\/wp-content\/uploads\/2024\/04\/movil_Mesa-de-trabajo-1-1536x1536.jpg 1536w, https:\/\/finapsysmx.com\/wp-content\/uploads\/2024\/04\/movil_Mesa-de-trabajo-1-2048x2048.jpg 2048w\" sizes=\"(max-width: 2560px) 100vw, 2560px\" \/><\/figure>\n<\/div>\n\n\n<h3 class=\"wp-block-heading\"><strong>Web Services<\/strong><\/h3>\n\n\n\n<p>Desarrollamos programas para ser ejecutados de forma nativa a trav\u00e9s de un navegador (Firefox, Crome, Safari , Edge) en cualquier dispositivo con acceso a Internet.<\/p>\n\n\n\n<ul class=\"wp-block-list\">\n<li>Sistemas de consulta.<\/li>\n\n\n\n<li>Navegadores.<\/li>\n\n\n\n<li>Software compartido.<\/li>\n\n\n\n<li>Sistema ERP.<\/li>\n\n\n\n<li>Redes independientes (empresariales, privadas).<\/li>\n<\/ul>\n<\/div>\n\n\n\n<div class=\"wp-block-column is-layout-flow wp-block-column-is-layout-flow\">\n<figure class=\"wp-block-image size-full is-resized is-style-rounded\"><img decoding=\"async\" width=\"2560\" height=\"2560\" src=\"https:\/\/finapsysmx.com\/wp-content\/uploads\/2024\/04\/movil-02-scaled.jpg\" alt=\"\" class=\"wp-image-257\" style=\"width:234px;height:auto\" srcset=\"https:\/\/finapsysmx.com\/wp-content\/uploads\/2024\/04\/movil-02-scaled.jpg 2560w, https:\/\/finapsysmx.com\/wp-content\/uploads\/2024\/04\/movil-02-300x300.jpg 300w, https:\/\/finapsysmx.com\/wp-content\/uploads\/2024\/04\/movil-02-scaled-100x100.jpg 100w, https:\/\/finapsysmx.com\/wp-content\/uploads\/2024\/04\/movil-02-scaled-500x500.jpg 500w, https:\/\/finapsysmx.com\/wp-content\/uploads\/2024\/04\/movil-02-1024x1024.jpg 1024w, https:\/\/finapsysmx.com\/wp-content\/uploads\/2024\/04\/movil-02-150x150.jpg 150w, https:\/\/finapsysmx.com\/wp-content\/uploads\/2024\/04\/movil-02-768x768.jpg 768w, https:\/\/finapsysmx.com\/wp-content\/uploads\/2024\/04\/movil-02-1536x1536.jpg 1536w, https:\/\/finapsysmx.com\/wp-content\/uploads\/2024\/04\/movil-02-2048x2048.jpg 2048w\" sizes=\"(max-width: 2560px) 100vw, 2560px\" \/><\/figure>\n\n\n\n<h3 class=\"wp-block-heading\"><strong>API y Micro-servicios<\/strong><\/h3>\n\n\n\n<p>Aplicaciones que usan integraci\u00f3n de otros servicios especializados que se comunican mutuamente y permiten la interconexi\u00f3n con otros sistemas o plataformas.<\/p>\n\n\n\n<ul class=\"wp-block-list\">\n<li>Consultas.<\/li>\n\n\n\n<li>Jason y Tokens.<\/li>\n\n\n\n<li>Interconexi\u00f3n m\u00faltiple.<\/li>\n\n\n\n<li>API RESTFul (JSON). <\/li>\n<\/ul>\n<\/div>\n\n\n\n<div class=\"wp-block-column is-layout-flow wp-block-column-is-layout-flow\">\n<figure class=\"wp-block-image size-full is-resized is-style-rounded\"><img decoding=\"async\" width=\"2560\" height=\"2560\" src=\"https:\/\/finapsysmx.com\/wp-content\/uploads\/2024\/04\/movilx2-03-scaled.jpg\" alt=\"\" class=\"wp-image-258\" style=\"width:234px\" srcset=\"https:\/\/finapsysmx.com\/wp-content\/uploads\/2024\/04\/movilx2-03-scaled.jpg 2560w, https:\/\/finapsysmx.com\/wp-content\/uploads\/2024\/04\/movilx2-03-300x300.jpg 300w, https:\/\/finapsysmx.com\/wp-content\/uploads\/2024\/04\/movilx2-03-scaled-100x100.jpg 100w, https:\/\/finapsysmx.com\/wp-content\/uploads\/2024\/04\/movilx2-03-scaled-500x500.jpg 500w, https:\/\/finapsysmx.com\/wp-content\/uploads\/2024\/04\/movilx2-03-1024x1024.jpg 1024w, https:\/\/finapsysmx.com\/wp-content\/uploads\/2024\/04\/movilx2-03-150x150.jpg 150w, https:\/\/finapsysmx.com\/wp-content\/uploads\/2024\/04\/movilx2-03-768x768.jpg 768w, https:\/\/finapsysmx.com\/wp-content\/uploads\/2024\/04\/movilx2-03-1536x1536.jpg 1536w, https:\/\/finapsysmx.com\/wp-content\/uploads\/2024\/04\/movilx2-03-2048x2048.jpg 2048w\" sizes=\"(max-width: 2560px) 100vw, 2560px\" \/><\/figure>\n\n\n\n<h3 class=\"wp-block-heading\"><strong>Aplicaciones M\u00f3viles<\/strong><\/h3>\n\n\n\n<p>Creamos aplicaciones a tu medida para un mejor manejo de informaci\u00f3n con ayuda de la tecnolog\u00eda. Nativas y multiplataforma, compatibles con tu sistema operativo favorito.<\/p>\n\n\n\n<ul class=\"wp-block-list\">\n<li>Android y iOS.<\/li>\n\n\n\n<li>Aplicativos corporativos.<\/li>\n\n\n\n<li>Online \/ Ofline.<\/li>\n\n\n\n<li>Desarrollo m\u00f3vil.<\/li>\n<\/ul>\n<\/div>\n<\/div>\n\n\n\n<p>Dise\u00f1amos la aplicaci\u00f3n m\u00f3vil ideal desde cero o renovamos de su aplicaci\u00f3n m\u00f3vil actual con funciones, integraciones y modificaciones personalizables.<\/p>\n\n\n\n<p><\/p>\n","protected":false},"excerpt":{"rendered":"<p>Aplicaciones M\u00f3viles \u00a1Asegura tu inversi\u00f3n tecnol\u00f3gica! Como parte del proyecto, te entregamos el c\u00f3digo fuente y los diagramas de trabajo relacionados. Esto garantizar\u00e1 que en un futuro el mantenimiento sea una tarea sencilla y econ\u00f3mica. M\u00f3vil Web Services Desarrollamos programas para ser ejecutados de forma nativa a trav\u00e9s de un navegador (Firefox, Crome, Safari , [&hellip;]<\/p>\n","protected":false},"author":1,"featured_media":0,"parent":0,"menu_order":0,"comment_status":"closed","ping_status":"closed","template":"","meta":{"om_disable_all_campaigns":false,"_monsterinsights_skip_tracking":false,"_monsterinsights_sitenote_active":false,"_monsterinsights_sitenote_note":"","_monsterinsights_sitenote_category":0,"footnotes":""},"class_list":["post-68","page","type-page","status-publish","hentry"],"_links":{"self":[{"href":"https:\/\/finapsysmx.com\/index.php\/wp-json\/wp\/v2\/pages\/68","targetHints":{"allow":["GET"]}}],"collection":[{"href":"https:\/\/finapsysmx.com\/index.php\/wp-json\/wp\/v2\/pages"}],"about":[{"href":"https:\/\/finapsysmx.com\/index.php\/wp-json\/wp\/v2\/types\/page"}],"author":[{"embeddable":true,"href":"https:\/\/finapsysmx.com\/index.php\/wp-json\/wp\/v2\/users\/1"}],"replies":[{"embeddable":true,"href":"https:\/\/finapsysmx.com\/index.php\/wp-json\/wp\/v2\/comments?post=68"}],"version-history":[{"count":11,"href":"https:\/\/finapsysmx.com\/index.php\/wp-json\/wp\/v2\/pages\/68\/revisions"}],"predecessor-version":[{"id":261,"href":"https:\/\/finapsysmx.com\/index.php\/wp-json\/wp\/v2\/pages\/68\/revisions\/261"}],"wp:attachment":[{"href":"https:\/\/finapsysmx.com\/index.php\/wp-json\/wp\/v2\/media?parent=68"}],"curies":[{"name":"wp","href":"https:\/\/api.w.org\/{rel}","templated":true}]}}